{"id":472,"date":"2021-08-23T15:34:00","date_gmt":"2021-08-23T13:34:00","guid":{"rendered":"https:\/\/www.vieveg.com\/fr\/?page_id=472"},"modified":"2021-10-01T19:29:53","modified_gmt":"2021-10-01T17:29:53","slug":"marques","status":"publish","type":"page","link":"https:\/\/www.vieveg.com\/fr\/marques-de-legumes-bio-hauts-de-france","title":{"rendered":"Marques de l\u00e9gumes bio"},"content":{"rendered":"<div id=\"pl-472\"  class=\"panel-layout\" ><div id=\"pg-472-0\"  class=\"panel-grid panel-no-style\" ><div id=\"pgc-472-0-0\"  class=\"panel-grid-cell\" ><div id=\"panel-472-0-0-0\" class=\"so-panel widget widget_editeur panel-first-child panel-last-child\" data-index=\"0\" ><div\n\t\t\t\n\t\t\tclass=\"so-widget-editeur so-widget-editeur-base\"\n\t\t\t\n\t\t>\t\t\t<div class=\"smarttheme_editeur\">\n\t\t<p style=\"text-align: center;\"><span style=\"font-size: 22px;\">Afin de diversifier notre offre et nos conditionnements, nous avons d\u00e9velopp\u00e9 au fil des ann\u00e9es des marques propres \u00e0 <b>Vie Veg<\/b>.<\/span><br \/>\n<span style=\"font-size: 22px;\">Elles sont rapidement apparues comme des \u00e9vidences, l\u2019une \u00e9tant simplement le nom de la soci\u00e9t\u00e9 et la deuxi\u00e8me un clin d\u2019\u0153il \u00e0 nos 2 producteurs-fondateurs, Augustin et Thomas.<\/span><\/p>\n<\/div>\n<\/div><\/div><\/div><\/div><div id=\"pg-472-1\"  class=\"panel-grid panel-no-style\" ><div id=\"pgc-472-1-0\"  class=\"panel-grid-cell\" ><div id=\"panel-472-1-0-0\" class=\"so-panel widget widget_siteorigin-panels-builder panel-first-child\" data-index=\"1\" ><div id=\"pl-w6156e519ad7f5\"  class=\"panel-layout\" ><div id=\"pg-w6156e519ad7f5-0\"  class=\"panel-grid panel-no-style\" ><div id=\"pgc-w6156e519ad7f5-0-0\"  class=\"panel-grid-cell panel-grid-cell-empty\" ><\/div><div id=\"pgc-w6156e519ad7f5-0-1\"  class=\"panel-grid-cell\" ><div id=\"panel-w6156e519ad7f5-0-1-0\" class=\"so-panel widget widget_image-text panel-first-child panel-last-child\" data-index=\"0\" ><div\n\t\t\t\n\t\t\tclass=\"so-widget-image-text so-widget-image-text-default-40cd750bba98\"\n\t\t\t\n\t\t>\r\n\t\t\t\t\t\t<div class=\"container_image_texte gauche haut   image_bas\">\r\n\t\t\t\t\t\t<div class=\"image_texte \" style=\"width: 100%\">\r\n\t\t\t\t\t\t\t\t\t\t\t<img decoding=\"async\" src=\"https:\/\/www.vieveg.com\/fr\/wp-content\/uploads\/2021\/09\/pommes_de_terre_bio.png\" alt=\"Marques de l\u00e9gumes bio\">\r\n\t\t\t<\/div>\r\n\r\n\t<div class=\"container_texte\" style=\"width: 0%\">\r\n\t\t\t\t\t<\/div>\r\n\r\n\t<\/div>\r\n\r\n<\/div><\/div><\/div><\/div><\/div><\/div><div id=\"panel-472-1-0-1\" class=\"so-panel widget widget_editeur panel-last-child\" data-index=\"2\" ><div\n\t\t\t\n\t\t\tclass=\"so-widget-editeur so-widget-editeur-base\"\n\t\t\t\n\t\t>\t\t\t<div class=\"smarttheme_editeur\">\n\t\t<p style=\"text-align: right;\"><span style=\"font-size: 22px;\"><strong>Vie Veg <\/strong><\/span>est la marque historique de l'entreprise. On la retrouve principalement sur nos conditionnements en vrac, que cela soit pour les jeunes pousses, les \u00e9pinards, les haricots verts ou encore les pommes de terre.<\/p>\n<\/div>\n<\/div><\/div><\/div><div id=\"pgc-472-1-1\"  class=\"panel-grid-cell panel-grid-cell-empty\" ><\/div><div id=\"pgc-472-1-2\"  class=\"panel-grid-cell\" ><div id=\"panel-472-1-2-0\" class=\"so-panel widget widget_siteorigin-panels-builder panel-first-child\" data-index=\"3\" ><div id=\"pl-w6156e519ad8e6\"  class=\"panel-layout\" ><div id=\"pg-w6156e519ad8e6-0\"  class=\"panel-grid panel-no-style\" ><div id=\"pgc-w6156e519ad8e6-0-0\"  class=\"panel-grid-cell panel-grid-cell-mobile-last\" ><div id=\"panel-w6156e519ad8e6-0-0-0\" class=\"so-panel widget widget_image-text panel-first-child panel-last-child\" data-index=\"0\" ><div\n\t\t\t\n\t\t\tclass=\"so-widget-image-text so-widget-image-text-default-40cd750bba98\"\n\t\t\t\n\t\t>\r\n\t\t\t\t\t\t<div class=\"container_image_texte gauche haut   image_bas\">\r\n\t\t\t\t\t\t<div class=\"image_texte \" style=\"width: 100%\">\r\n\t\t\t\t\t\t\t\t\t\t\t<img decoding=\"async\" src=\"https:\/\/www.vieveg.com\/fr\/wp-content\/uploads\/2021\/09\/pousses_epinards_bio_somme.png\" alt=\"Marques de l\u00e9gumes bio\">\r\n\t\t\t<\/div>\r\n\r\n\t<div class=\"container_texte\" style=\"width: 0%\">\r\n\t\t\t\t\t<\/div>\r\n\r\n\t<\/div>\r\n\r\n<\/div><\/div><\/div><div id=\"pgc-w6156e519ad8e6-0-1\"  class=\"panel-grid-cell panel-grid-cell-empty\" ><\/div><\/div><\/div><\/div><div id=\"panel-472-1-2-1\" class=\"so-panel widget widget_editeur panel-last-child\" data-index=\"4\" ><div\n\t\t\t\n\t\t\tclass=\"so-widget-editeur so-widget-editeur-base\"\n\t\t\t\n\t\t>\t\t\t<div class=\"smarttheme_editeur\">\n\t\t<p style=\"text-align: left;\"><span style=\"font-size: 22px;\"><strong>Tom &amp; Gus<\/strong>\u00a0<\/span>est essentiellement la marque pour les petits conditionnements : les barquettes\u00a0(jeunes pousses de salade, jeunes pousses d'\u00e9pinard, roquette et pommes de terre) mais \u00e9galement\u00a0les sachets (radis, haricots verts et pommes de terre).<\/p>\n<\/div>\n<\/div><\/div><\/div><\/div><div id=\"pg-472-2\"  class=\"panel-grid panel-no-style\" ><div id=\"pgc-472-2-0\"  class=\"panel-grid-cell\" ><div id=\"panel-472-2-0-0\" class=\"so-panel widget widget_image-text panel-first-child panel-last-child\" data-index=\"5\" ><div\n\t\t\t\n\t\t\tclass=\"so-widget-image-text so-widget-image-text-default-40cd750bba98-472\"\n\t\t\t\n\t\t>\r\n\t\t\t\t\t\t<div class=\"container_image_texte droite haut   \">\r\n\t\t\t\t\t\t<div class=\"image_texte \" style=\"width: 100%\">\r\n\t\t\t\t\t\t\t\t\t\t\t<img decoding=\"async\" src=\"https:\/\/www.vieveg.com\/fr\/wp-content\/uploads\/2021\/09\/grand_epinards_bio-768x397.png\" alt=\"Marques de l\u00e9gumes bio\">\r\n\t\t\t<\/div>\r\n\r\n\t<div class=\"container_texte\" style=\"width: 0%\">\r\n\t\t\t\t\t<\/div>\r\n\r\n\t<\/div>\r\n\r\n<\/div><\/div><\/div><div id=\"pgc-472-2-1\"  class=\"panel-grid-cell\" ><div id=\"panel-472-2-1-0\" class=\"so-panel widget widget_image-text panel-first-child panel-last-child\" data-index=\"6\" ><div\n\t\t\t\n\t\t\tclass=\"so-widget-image-text so-widget-image-text-default-40cd750bba98-472\"\n\t\t\t\n\t\t>\r\n\t\t\t\t\t\t<div class=\"container_image_texte droite haut   \">\r\n\t\t\t\t\t\t<div class=\"image_texte \" style=\"width: 100%\">\r\n\t\t\t\t\t\t\t\t\t\t\t<img decoding=\"async\" src=\"https:\/\/www.vieveg.com\/fr\/wp-content\/uploads\/2021\/10\/radis_bio-768x722.png\" alt=\"Marques de l\u00e9gumes bio\">\r\n\t\t\t<\/div>\r\n\r\n\t<div class=\"container_texte\" style=\"width: 0%\">\r\n\t\t\t\t\t<\/div>\r\n\r\n\t<\/div>\r\n\r\n<\/div><\/div><\/div><div id=\"pgc-472-2-2\"  class=\"panel-grid-cell\" ><div id=\"panel-472-2-2-0\" class=\"so-panel widget widget_image-text panel-first-child panel-last-child\" data-index=\"7\" ><div\n\t\t\t\n\t\t\tclass=\"so-widget-image-text so-widget-image-text-default-40cd750bba98-472\"\n\t\t\t\n\t\t>\r\n\t\t\t\t\t\t<div class=\"container_image_texte droite haut   \">\r\n\t\t\t\t\t\t<div class=\"image_texte \" style=\"width: 100%\">\r\n\t\t\t\t\t\t\t\t\t\t\t<img decoding=\"async\" src=\"https:\/\/www.vieveg.com\/fr\/wp-content\/uploads\/2021\/09\/jeune_pousse_hauts_de_france-1-768x462.png\" alt=\"Marques de l\u00e9gumes bio\">\r\n\t\t\t<\/div>\r\n\r\n\t<div class=\"container_texte\" style=\"width: 0%\">\r\n\t\t\t\t\t<\/div>\r\n\r\n\t<\/div>\r\n\r\n<\/div><\/div><\/div><\/div><div id=\"pg-472-3\"  class=\"panel-grid panel-no-style\" ><div id=\"pgc-472-3-0\"  class=\"panel-grid-cell\" ><div id=\"panel-472-3-0-0\" class=\"so-panel widget widget_image-text panel-first-child panel-last-child\" data-index=\"8\" ><div\n\t\t\t\n\t\t\tclass=\"so-widget-image-text so-widget-image-text-default-40cd750bba98-472\"\n\t\t\t\n\t\t>\r\n\t\t\t\t\t\t<div class=\"container_image_texte droite haut   \">\r\n\t\t\t\t\t\t<div class=\"image_texte \" style=\"width: 100%\">\r\n\t\t\t\t\t\t\t\t\t\t\t<img decoding=\"async\" src=\"https:\/\/www.vieveg.com\/fr\/wp-content\/uploads\/2021\/09\/cagette_epinards_hauts_de_france_bio-1-768x443.png\" alt=\"Marques de l\u00e9gumes bio\">\r\n\t\t\t<\/div>\r\n\r\n\t<div class=\"container_texte\" style=\"width: 0%\">\r\n\t\t\t\t\t<\/div>\r\n\r\n\t<\/div>\r\n\r\n<\/div><\/div><\/div><div id=\"pgc-472-3-1\"  class=\"panel-grid-cell\" ><div id=\"panel-472-3-1-0\" class=\"so-panel widget widget_image-text panel-first-child panel-last-child\" data-index=\"9\" ><div\n\t\t\t\n\t\t\tclass=\"so-widget-image-text so-widget-image-text-default-40cd750bba98-472\"\n\t\t\t\n\t\t>\r\n\t\t\t\t\t\t<div class=\"container_image_texte droite haut   \">\r\n\t\t\t\t\t\t<div class=\"image_texte \" style=\"width: 100%\">\r\n\t\t\t\t\t\t\t\t\t\t\t<img decoding=\"async\" src=\"https:\/\/www.vieveg.com\/fr\/wp-content\/uploads\/2021\/10\/jeunes_pousse_bio_somme-768x919.png\" alt=\"Marques de l\u00e9gumes bio\">\r\n\t\t\t<\/div>\r\n\r\n\t<div class=\"container_texte\" style=\"width: 0%\">\r\n\t\t\t\t\t<\/div>\r\n\r\n\t<\/div>\r\n\r\n<\/div><\/div><\/div><div id=\"pgc-472-3-2\"  class=\"panel-grid-cell\" ><div id=\"panel-472-3-2-0\" class=\"so-panel widget widget_image-text panel-first-child panel-last-child\" data-index=\"10\" ><div\n\t\t\t\n\t\t\tclass=\"so-widget-image-text so-widget-image-text-default-40cd750bba98-472\"\n\t\t\t\n\t\t>\r\n\t\t\t\t\t\t<div class=\"container_image_texte droite haut   \">\r\n\t\t\t\t\t\t<div class=\"image_texte \" style=\"width: 100%\">\r\n\t\t\t\t\t\t\t\t\t\t\t<img decoding=\"async\" src=\"https:\/\/www.vieveg.com\/fr\/wp-content\/uploads\/2021\/10\/rockette_bio_hauts_de_france-768x472.png\" alt=\"Marques de l\u00e9gumes bio\">\r\n\t\t\t<\/div>\r\n\r\n\t<div class=\"container_texte\" style=\"width: 0%\">\r\n\t\t\t\t\t<\/div>\r\n\r\n\t<\/div>\r\n\r\n<\/div><\/div><\/div><\/div><\/div>","protected":false},"excerpt":{"rendered":"<p>Afin de diversifier notre offre et nos conditionnements, nous avons d\u00e9velopp\u00e9 au fil des ann\u00e9es des marques propres \u00e0 Vie [&hellip;]<\/p>\n","protected":false},"author":1,"featured_media":1148,"parent":0,"menu_order":0,"comment_status":"closed","ping_status":"closed","template":"","meta":{"footnotes":""},"class_list":["post-472","page","type-page","status-publish","has-post-thumbnail","hentry"],"_links":{"self":[{"href":"https:\/\/www.vieveg.com\/fr\/wp-json\/wp\/v2\/pages\/472","targetHints":{"allow":["GET"]}}],"collection":[{"href":"https:\/\/www.vieveg.com\/fr\/wp-json\/wp\/v2\/pages"}],"about":[{"href":"https:\/\/www.vieveg.com\/fr\/wp-json\/wp\/v2\/types\/page"}],"author":[{"embeddable":true,"href":"https:\/\/www.vieveg.com\/fr\/wp-json\/wp\/v2\/users\/1"}],"replies":[{"embeddable":true,"href":"https:\/\/www.vieveg.com\/fr\/wp-json\/wp\/v2\/comments?post=472"}],"version-history":[{"count":95,"href":"https:\/\/www.vieveg.com\/fr\/wp-json\/wp\/v2\/pages\/472\/revisions"}],"predecessor-version":[{"id":1156,"href":"https:\/\/www.vieveg.com\/fr\/wp-json\/wp\/v2\/pages\/472\/revisions\/1156"}],"wp:featuredmedia":[{"embeddable":true,"href":"https:\/\/www.vieveg.com\/fr\/wp-json\/wp\/v2\/media\/1148"}],"wp:attachment":[{"href":"https:\/\/www.vieveg.com\/fr\/wp-json\/wp\/v2\/media?parent=472"}],"curies":[{"name":"wp","href":"https:\/\/api.w.org\/{rel}","templated":true}]}}