{"id":311,"date":"2021-07-21T10:12:53","date_gmt":"2021-07-21T08:12:53","guid":{"rendered":"http:\/\/88.122.199.157:19760\/www\/preprod\/www.vieveg.fr\/202010\/?page_id=311"},"modified":"2021-11-12T14:45:15","modified_gmt":"2021-11-12T13:45:15","slug":"nos-certifications-et-demarches","status":"publish","type":"page","link":"https:\/\/www.vieveg.com\/fr\/demarches-de-labellisations-et-certifications-bio","title":{"rendered":"D\u00e9marches de labellisations et certifications bio"},"content":{"rendered":"<div id=\"pl-311\"  class=\"panel-layout\" ><div id=\"pg-311-0\"  class=\"panel-grid panel-no-style\" ><div id=\"pgc-311-0-0\"  class=\"panel-grid-cell\" ><div id=\"panel-311-0-0-0\" class=\"so-panel widget widget_image-text panel-first-child\" data-index=\"0\" ><div\n\t\t\t\n\t\t\tclass=\"so-widget-image-text so-widget-image-text-default-40cd750bba98-311\"\n\t\t\t\n\t\t>\r\n\t\t\t\t\t\t<div class=\"container_image_texte droite haut ajuster encastre encastre_cote\">\r\n\t\t\t\t\t\t<div class=\"image_texte \" style=\"width: 50%\">\r\n\t\t\t\t\t\t\t\t<div data-image=\"https:\/\/www.vieveg.com\/fr\/wp-content\/uploads\/2021\/11\/qualite_producteur_maraichers_bio-768x768.webp\" class=\"img lazy-background\"><\/div>\r\n\t\t\t<\/div>\r\n\r\n\t<div class=\"container_texte\" style=\"width: 50%\">\r\n\t\t\t\t\t<div class=\"container_titre \" >\r\n\t\t\t\t<h2 class=\"titre\"> La qualit\u00e9 de nos <strong>produits<\/strong><\/h2>\r\n\t\t\t<\/div>\r\n\t\t\t\t\t\t\t<div class=\"texte \">\r\n\t\t\t\t<p>Nous produisons des l\u00e9gumes biologiques sains et savoureux r\u00e9pondant aux attentes de nos clients et consommateurs. Nous garantissons un contr\u00f4le de la qualit\u00e9 \u00e0 tous les stades ainsi qu\u2019une excellente tra\u00e7abilit\u00e9.<\/p>\n<p>Nous s\u00e9lectionnons en amont des vari\u00e9t\u00e9s r\u00e9sistantes aux maladies afin d\u2019en limiter l\u2019impact.<\/p>\n\t\t\t<\/div>\r\n\t\t\t<\/div>\r\n\r\n\t<\/div>\r\n\r\n<\/div><\/div><div id=\"panel-311-0-0-1\" class=\"so-panel widget widget_image-text\" data-index=\"1\" ><div\n\t\t\t\n\t\t\tclass=\"so-widget-image-text so-widget-image-text-default-40cd750bba98-311\"\n\t\t\t\n\t\t>\r\n\t\t\t\t\t\t<div class=\"container_image_texte gauche haut ajuster encastre encastre_cote\">\r\n\t\t\t\t\t\t<div class=\"image_texte \" style=\"width: 50%\">\r\n\t\t\t\t\t\t\t\t<div data-image=\"https:\/\/www.vieveg.com\/fr\/wp-content\/uploads\/2021\/11\/satisfaction_maraicher_bio-768x329.webp\" class=\"img lazy-background\"><\/div>\r\n\t\t\t<\/div>\r\n\r\n\t<div class=\"container_texte\" style=\"width: 50%\">\r\n\t\t\t\t\t<div class=\"container_titre \" >\r\n\t\t\t\t<h2 class=\"titre\"> La <strong>satisfaction<\/strong> de nos clients<\/h2>\r\n\t\t\t<\/div>\r\n\t\t\t\t\t\t\t<div class=\"texte \">\r\n\t\t\t\t<p>Nous d\u00e9ployons une relation commerciale bas\u00e9e sur l\u2019\u00e9coute et la compr\u00e9hension des besoins pour fournir des produits s\u00fbrs et de qualit\u00e9, conformes aux attentes et exigences de chacun.<\/p>\n\t\t\t<\/div>\r\n\t\t\t<\/div>\r\n\r\n\t<\/div>\r\n\r\n<\/div><\/div><div id=\"panel-311-0-0-2\" class=\"so-panel widget widget_image-text panel-last-child\" data-index=\"2\" ><div\n\t\t\t\n\t\t\tclass=\"so-widget-image-text so-widget-image-text-default-40cd750bba98-311\"\n\t\t\t\n\t\t>\r\n\t\t\t\t\t\t<div class=\"container_image_texte droite haut ajuster encastre encastre_cote\">\r\n\t\t\t\t\t\t<div class=\"image_texte \" style=\"width: 50%\">\r\n\t\t\t\t\t\t\t\t<div data-image=\"https:\/\/www.vieveg.com\/fr\/wp-content\/uploads\/2021\/11\/champs_planche_permanent_hauts_de_france-768x562.webp\" class=\"img lazy-background\"><\/div>\r\n\t\t\t<\/div>\r\n\r\n\t<div class=\"container_texte\" style=\"width: 50%\">\r\n\t\t\t\t\t<div class=\"container_titre \" >\r\n\t\t\t\t<h2 class=\"titre\"> <strong>L\u2019am\u00e9lioration<\/strong> continue<\/h2>\r\n\t\t\t<\/div>\r\n\t\t\t\t\t\t\t<div class=\"texte \">\r\n\t\t\t\t<p>Nous mettons en \u0153uvre tous les moyens pour poursuivre une politique d\u2019am\u00e9lioration permanente de nos performances dans le respect de la r\u00e9glementation, avec comme priorit\u00e9 l\u2019\u00e9volution continue de notre syst\u00e8me qualit\u00e9 vers des certifications.<\/p>\n\t\t\t<\/div>\r\n\t\t\t<\/div>\r\n\r\n\t<\/div>\r\n\r\n<\/div><\/div><\/div><\/div><div id=\"pg-311-1\"  class=\"panel-grid panel-no-style\" ><div id=\"pgc-311-1-0\"  class=\"panel-grid-cell\" ><div id=\"panel-311-1-0-0\" class=\"so-panel widget widget_image-text panel-first-child panel-last-child\" data-index=\"3\" ><div\n\t\t\t\n\t\t\tclass=\"so-widget-image-text so-widget-image-text-default-40cd750bba98-311\"\n\t\t\t\n\t\t>\r\n\t\t\t\t\t\t<div class=\"container_image_texte droite center   image_bas\">\r\n\t\t\t\t\t\t<div class=\"image_texte \" style=\"width: 30%\">\r\n\t\t\t\t\t\t\t\t\t\t\t<img decoding=\"async\" src=\"https:\/\/www.vieveg.com\/fr\/wp-content\/uploads\/2021\/09\/producteurs_maraichers_bio-1.svg\" alt=\"D\u00e9marches de labellisations et certifications bio\">\r\n\t\t\t<\/div>\r\n\r\n\t<div class=\"container_texte\" style=\"width: 70%\">\r\n\t\t\t\t\t\t\t<div class=\"texte \">\r\n\t\t\t\t<p>Nos produits sont <strong>certifi\u00e9s AB<\/strong> (issus de l'Agriculture Biologique). Cela garantit la <strong>conformit\u00e9\u00a0<\/strong>de nos produits par rapport aux r\u00e8glements\u00a0officiels europ\u00e9ens de <strong>l'agriculture biologique<\/strong> en valorisant nos pratiques.<\/p>\n\t\t\t<\/div>\r\n\t\t\t<\/div>\r\n\r\n\t<\/div>\r\n\r\n<\/div><\/div><\/div><div id=\"pgc-311-1-1\"  class=\"panel-grid-cell panel-grid-cell-empty\" ><\/div><div id=\"pgc-311-1-2\"  class=\"panel-grid-cell\" ><div id=\"panel-311-1-2-0\" class=\"so-panel widget widget_image-text panel-first-child panel-last-child\" data-index=\"4\" ><div\n\t\t\t\n\t\t\tclass=\"so-widget-image-text so-widget-image-text-default-40cd750bba98-311\"\n\t\t\t\n\t\t>\r\n\t\t\t\t\t\t<div class=\"container_image_texte droite center   image_bas\">\r\n\t\t\t\t\t\t<div class=\"image_texte \" style=\"width: 30%\">\r\n\t\t\t\t\t\t\t\t\t\t\t<img decoding=\"async\" src=\"https:\/\/www.vieveg.com\/fr\/wp-content\/uploads\/2021\/11\/logo_global_gap_grasp_v2.webp\" alt=\"D\u00e9marches de labellisations et certifications bio\">\r\n\t\t\t<\/div>\r\n\r\n\t<div class=\"container_texte\" style=\"width: 70%\">\r\n\t\t\t\t\t\t\t<div class=\"texte \">\r\n\t\t\t\t<p>Nos produits sont certifi\u00e9s <strong>GlobalG.A.P<\/strong> et notre soci\u00e9t\u00e9 <strong>GRASP<\/strong>. Cela garantit la <strong>s\u00e9curit\u00e9 alimentaire<\/strong> de nos l\u00e9gumes, l'utilisation de pratiques agricoles respectueuses de <strong>l'environnement<\/strong> dans un objectif de pr\u00e9servation des ressources, mais aussi de la sant\u00e9 et de la s\u00e9curit\u00e9 de <strong>nos salari\u00e9s<\/strong>.<\/p>\n\t\t\t<\/div>\r\n\t\t\t<\/div>\r\n\r\n\t<\/div>\r\n\r\n<\/div><\/div><\/div><\/div><\/div>","protected":false},"excerpt":{"rendered":"<p>La qualit\u00e9 de nos produits Nous produisons des l\u00e9gumes biologiques sains et savoureux r\u00e9pondant aux attentes de nos clients et [&hellip;]<\/p>\n","protected":false},"author":1,"featured_media":600,"parent":0,"menu_order":0,"comment_status":"closed","ping_status":"closed","template":"","meta":{"footnotes":""},"class_list":["post-311","page","type-page","status-publish","has-post-thumbnail","hentry"],"_links":{"self":[{"href":"https:\/\/www.vieveg.com\/fr\/wp-json\/wp\/v2\/pages\/311","targetHints":{"allow":["GET"]}}],"collection":[{"href":"https:\/\/www.vieveg.com\/fr\/wp-json\/wp\/v2\/pages"}],"about":[{"href":"https:\/\/www.vieveg.com\/fr\/wp-json\/wp\/v2\/types\/page"}],"author":[{"embeddable":true,"href":"https:\/\/www.vieveg.com\/fr\/wp-json\/wp\/v2\/users\/1"}],"replies":[{"embeddable":true,"href":"https:\/\/www.vieveg.com\/fr\/wp-json\/wp\/v2\/comments?post=311"}],"version-history":[{"count":46,"href":"https:\/\/www.vieveg.com\/fr\/wp-json\/wp\/v2\/pages\/311\/revisions"}],"predecessor-version":[{"id":1294,"href":"https:\/\/www.vieveg.com\/fr\/wp-json\/wp\/v2\/pages\/311\/revisions\/1294"}],"wp:featuredmedia":[{"embeddable":true,"href":"https:\/\/www.vieveg.com\/fr\/wp-json\/wp\/v2\/media\/600"}],"wp:attachment":[{"href":"https:\/\/www.vieveg.com\/fr\/wp-json\/wp\/v2\/media?parent=311"}],"curies":[{"name":"wp","href":"https:\/\/api.w.org\/{rel}","templated":true}]}}