{"id":202,"date":"2021-07-20T14:36:40","date_gmt":"2021-07-20T12:36:40","guid":{"rendered":"http:\/\/88.122.199.157:19760\/www\/preprod\/www.vieveg.fr\/202010\/?page_id=202"},"modified":"2021-11-15T11:48:11","modified_gmt":"2021-11-15T10:48:11","slug":"produits-bio","status":"publish","type":"page","link":"https:\/\/www.vieveg.com\/fr\/legumes-bio-et-pommes-de-terre-bio","title":{"rendered":"L\u00e9gumes bio et pommes de terre bio"},"content":{"rendered":"<div id=\"pl-202\"  class=\"panel-layout\" ><div id=\"pg-202-0\"  class=\"panel-grid panel-no-style\" ><div id=\"pgc-202-0-0\"  class=\"panel-grid-cell\" ><div id=\"panel-202-0-0-0\" class=\"so-panel widget widget_editeur panel-first-child\" data-index=\"0\" ><div class=\"panel-widget-style panel-widget-style-for-202-0-0-0\" ><div\n\t\t\t\n\t\t\tclass=\"so-widget-editeur so-widget-editeur-base\"\n\t\t\t\n\t\t>\t\t\t<div class=\"smarttheme_editeur\">\n\t\t<p style=\"text-align: center;\"><span style=\"font-size: 22px;\">Toute l'ann\u00e9e, nous proposons des l\u00e9gumes de saison en produisant et mettant en march\u00e9 des produits biologiques qui correspondent \u00e0 des terroirs d'exception reconnus.<\/span><\/p>\n<\/div>\n<\/div><\/div><\/div><div id=\"panel-202-0-0-1\" class=\"so-panel widget widget_smarttheme_media_gallery_masonry panel-last-child\" data-index=\"1\" ><div\n\t\t\t\n\t\t\tclass=\"so-widget-smarttheme_media_gallery_masonry so-widget-smarttheme_media_gallery_masonry-default-40cd750bba98-202\"\n\t\t\t\n\t\t><section class=\"container_produits_saisons_titre container_produit_galerie_widget\">\r\n\t<div class=\"produits_saisons_titre\">\r\n\t\t\t\t<div class=\"container_produits\">\r\n\t\t\t\t\t\t\t<div class=\"container_produit\">\r\n\t\t\t\t\t<div class=\"container_photo_picto\">\r\n\t\t\t\t\t\t\t\t\t\t\t\t<div class=\"container_photo fill_2\">\r\n\t\t\t\t\t\t\t<div class=\"photo\" style=\"background-image: url(https:\/\/www.vieveg.com\/fr\/wp-content\/uploads\/2021\/09\/jeune_pousse_bio_hauts_de_france-1.jpg)\"><\/div>\r\n\t\t\t\t\t\t<\/div>\r\n\t\t\t\t\t\t\t\t\t\t\t\t<div class=\"container_picto\">\r\n\t\t\t\t\t\t\t<div class=\"picto_back\" style=\"background-image: url(https:\/\/www.vieveg.com\/fr\/wp-content\/uploads\/2020\/11\/jeunes_pousses.svg)\"><\/div>\r\n\t\t\t\t\t\t\t<div class=\"picto\" style=\"background-image: url(https:\/\/www.vieveg.com\/fr\/wp-content\/uploads\/2020\/11\/jeunes_pousses.svg)\"><\/div>\r\n\t\t\t\t\t\t<\/div>\r\n\t\t\t\t\t<\/div>\r\n\t\t\t\t\t<div class=\"container_informations\">\r\n\t\t\t\t\t\t<div class=\"informations\">\r\n\t\t\t\t\t\t\t\t\t\t\t\t\t\t<div class=\"container_nom_produit\">\r\n\t\t\t\t\t\t\t\t<h2>Jeunes pousses de salade BIO<\/h2>\r\n\t\t\t\t\t\t\t<\/div>\r\n\t\t\t\t\t\t\t\t\t\t\t\t\t\t\t\r\n\t\t\t\t\t\t\t<div class=\"container_description\">\r\n\t\t\t\t\t\t\t\t<p>\r\n\t\t\t\t\t\t\t\t\t<p>De tendres feuilles de salade fra\u00eechement r\u00e9colt\u00e9es alors qu\u2019elles sont encore de petite taille avec un grand choix de vari\u00e9t\u00e9s pour un m\u00e9lange unique de couleurs et saveurs : laitue, batavia, romaine blonde ou rouge\u2026 Elles sont source de fibres, min\u00e9raux et vitamines A, B9, C et K.<\/p><br \/>\n\t\t\t\t\t\t\t\t<\/p>\r\n\t\t\t\t\t\t\t<\/div>\r\n\t\t\t\t\t\t\t\t\t\t\t\t\t\t\t\t\t\t\t\t\t<div class=\"container_date_dispo\">\r\n\t\t\t\t\t\t\t\t<div class=\"date_dispo\">\r\n\t\t\t\t\t\t\t\t\t<div class=\"container_picto_calendrier\">\r\n\t\t\t\t\t\t\t\t\t\t<div class=\"calendrier\"><\/div>\r\n\t\t\t\t\t\t\t\t\t<\/div>\r\n\t\t\t\t\t\t\t\t\t<span>Disponible d'<b>Avril<\/b> \u00e0 <b>Octobre<\/b><\/span>\r\n\t\t\t\t\t\t\t\t<\/div>\r\n\t\t\t\t\t\t\t<\/div>\r\n\t\t\t\t\t\t\t\r\n\t\t\t\t\t\t\t<div class=\"container_btn_info_plus\">\r\n\t\t\t\t\t\t\t\t<div class=\"btn_info_plus\">\r\n\t\t\t\t\t\t\t\t\t<span><\/span>\r\n\t\t\t\t\t\t\t\t\t<span><\/span>\r\n\t\t\t\t\t\t\t\t<\/div>\r\n\t\t\t\t\t\t\t<\/div>\r\n\t\t\t\t\t\t<\/div>\r\n\t\t\t\t\t<\/div>\r\n\t\t\t\t<\/div>\r\n\t\t\t\t\t\t\t<div class=\"container_produit\">\r\n\t\t\t\t\t<div class=\"container_photo_picto\">\r\n\t\t\t\t\t\t\t\t\t\t\t\t<div class=\"container_photo fill_2\">\r\n\t\t\t\t\t\t\t<div class=\"photo\" style=\"background-image: url(https:\/\/www.vieveg.com\/fr\/wp-content\/uploads\/2021\/09\/epinard_bio_hauts_de_france-1.jpg)\"><\/div>\r\n\t\t\t\t\t\t<\/div>\r\n\t\t\t\t\t\t\t\t\t\t\t\t<div class=\"container_picto\">\r\n\t\t\t\t\t\t\t<div class=\"picto_back\" style=\"background-image: url(https:\/\/www.vieveg.com\/fr\/wp-content\/uploads\/2020\/11\/pousses_epinards_bio.svg)\"><\/div>\r\n\t\t\t\t\t\t\t<div class=\"picto\" style=\"background-image: url(https:\/\/www.vieveg.com\/fr\/wp-content\/uploads\/2020\/11\/pousses_epinards_bio.svg)\"><\/div>\r\n\t\t\t\t\t\t<\/div>\r\n\t\t\t\t\t<\/div>\r\n\t\t\t\t\t<div class=\"container_informations\">\r\n\t\t\t\t\t\t<div class=\"informations\">\r\n\t\t\t\t\t\t\t\t\t\t\t\t\t\t<div class=\"container_nom_produit\">\r\n\t\t\t\t\t\t\t\t<h2>Jeunes pousses d'\u00e9pinards BIO<\/h2>\r\n\t\t\t\t\t\t\t<\/div>\r\n\t\t\t\t\t\t\t\t\t\t\t\t\t\t\t\r\n\t\t\t\t\t\t\t<div class=\"container_description\">\r\n\t\t\t\t\t\t\t\t<p>\r\n\t\t\t\t\t\t\t\t\t<p>Des petites feuilles tendres et gourmandes d\u2019un vert intense id\u00e9ales pour les plats cuisin\u00e9s et les salades. Elles sont source de fibres, mangan\u00e8se et vitamines A et K.<\/p><br \/>\n\t\t\t\t\t\t\t\t<\/p>\r\n\t\t\t\t\t\t\t<\/div>\r\n\t\t\t\t\t\t\t\t\t\t\t\t\t\t\t\t\t\t\t\t\t<div class=\"container_date_dispo\">\r\n\t\t\t\t\t\t\t\t<div class=\"date_dispo\">\r\n\t\t\t\t\t\t\t\t\t<div class=\"container_picto_calendrier\">\r\n\t\t\t\t\t\t\t\t\t\t<div class=\"calendrier\"><\/div>\r\n\t\t\t\t\t\t\t\t\t<\/div>\r\n\t\t\t\t\t\t\t\t\t<span>Disponible de <b>Mai<\/b> \u00e0 <b>Octobre<\/b><\/span>\r\n\t\t\t\t\t\t\t\t<\/div>\r\n\t\t\t\t\t\t\t<\/div>\r\n\t\t\t\t\t\t\t\r\n\t\t\t\t\t\t\t<div class=\"container_btn_info_plus\">\r\n\t\t\t\t\t\t\t\t<div class=\"btn_info_plus\">\r\n\t\t\t\t\t\t\t\t\t<span><\/span>\r\n\t\t\t\t\t\t\t\t\t<span><\/span>\r\n\t\t\t\t\t\t\t\t<\/div>\r\n\t\t\t\t\t\t\t<\/div>\r\n\t\t\t\t\t\t<\/div>\r\n\t\t\t\t\t<\/div>\r\n\t\t\t\t<\/div>\r\n\t\t\t\t\t\t\t<div class=\"container_produit\">\r\n\t\t\t\t\t<div class=\"container_photo_picto\">\r\n\t\t\t\t\t\t\t\t\t\t\t\t<div class=\"container_photo fill_1\">\r\n\t\t\t\t\t\t\t<div class=\"photo\" style=\"background-image: url(https:\/\/www.vieveg.com\/fr\/wp-content\/uploads\/2021\/09\/rockette_hauts_de_france_bio-1.jpg)\"><\/div>\r\n\t\t\t\t\t\t<\/div>\r\n\t\t\t\t\t\t\t\t\t\t\t\t<div class=\"container_picto\">\r\n\t\t\t\t\t\t\t<div class=\"picto_back\" style=\"background-image: url(https:\/\/www.vieveg.com\/fr\/wp-content\/uploads\/2021\/09\/roquette_bio.svg)\"><\/div>\r\n\t\t\t\t\t\t\t<div class=\"picto\" style=\"background-image: url(https:\/\/www.vieveg.com\/fr\/wp-content\/uploads\/2021\/09\/roquette_bio.svg)\"><\/div>\r\n\t\t\t\t\t\t<\/div>\r\n\t\t\t\t\t<\/div>\r\n\t\t\t\t\t<div class=\"container_informations\">\r\n\t\t\t\t\t\t<div class=\"informations\">\r\n\t\t\t\t\t\t\t\t\t\t\t\t\t\t<div class=\"container_nom_produit\">\r\n\t\t\t\t\t\t\t\t<h2>Roquette BIO<\/h2>\r\n\t\t\t\t\t\t\t<\/div>\r\n\t\t\t\t\t\t\t\t\t\t\t\t\t\t\t\r\n\t\t\t\t\t\t\t<div class=\"container_description\">\r\n\t\t\t\t\t\t\t\t<p>\r\n\t\t\t\t\t\t\t\t\t<p>Des feuilles vert fonc\u00e9 charnues et dentel\u00e9es avec une saveur l\u00e9g\u00e8rement piquante et poivr\u00e9e. Elle se d\u00e9guste crue autant que cuite et tr\u00e8s peu calorique, elle est source de fibres et de vitamines B9 et K.<\/p><br \/>\n\t\t\t\t\t\t\t\t<\/p>\r\n\t\t\t\t\t\t\t<\/div>\r\n\t\t\t\t\t\t\t\t\t\t\t\t\t\t\t\t\t\t\t\t\t<div class=\"container_date_dispo\">\r\n\t\t\t\t\t\t\t\t<div class=\"date_dispo\">\r\n\t\t\t\t\t\t\t\t\t<div class=\"container_picto_calendrier\">\r\n\t\t\t\t\t\t\t\t\t\t<div class=\"calendrier\"><\/div>\r\n\t\t\t\t\t\t\t\t\t<\/div>\r\n\t\t\t\t\t\t\t\t\t<span>Disponible de <b>Juin<\/b> \u00e0 <b>Octobre<\/b><\/span>\r\n\t\t\t\t\t\t\t\t<\/div>\r\n\t\t\t\t\t\t\t<\/div>\r\n\t\t\t\t\t\t\t\r\n\t\t\t\t\t\t\t<div class=\"container_btn_info_plus\">\r\n\t\t\t\t\t\t\t\t<div class=\"btn_info_plus\">\r\n\t\t\t\t\t\t\t\t\t<span><\/span>\r\n\t\t\t\t\t\t\t\t\t<span><\/span>\r\n\t\t\t\t\t\t\t\t<\/div>\r\n\t\t\t\t\t\t\t<\/div>\r\n\t\t\t\t\t\t<\/div>\r\n\t\t\t\t\t<\/div>\r\n\t\t\t\t<\/div>\r\n\t\t\t\t\t\t\t<div class=\"container_produit\">\r\n\t\t\t\t\t<div class=\"container_photo_picto\">\r\n\t\t\t\t\t\t\t\t\t\t\t\t<div class=\"container_photo fill_3\">\r\n\t\t\t\t\t\t\t<div class=\"photo\" style=\"background-image: url(https:\/\/www.vieveg.com\/fr\/wp-content\/uploads\/2021\/11\/epinard_grandes_feuilles_bio_hauts_de_france.webp)\"><\/div>\r\n\t\t\t\t\t\t<\/div>\r\n\t\t\t\t\t\t\t\t\t\t\t\t<div class=\"container_picto\">\r\n\t\t\t\t\t\t\t<div class=\"picto_back\" style=\"background-image: url(https:\/\/www.vieveg.com\/fr\/wp-content\/uploads\/2021\/09\/epinards_grandes_feuilles-1.svg)\"><\/div>\r\n\t\t\t\t\t\t\t<div class=\"picto\" style=\"background-image: url(https:\/\/www.vieveg.com\/fr\/wp-content\/uploads\/2021\/09\/epinards_grandes_feuilles-1.svg)\"><\/div>\r\n\t\t\t\t\t\t<\/div>\r\n\t\t\t\t\t<\/div>\r\n\t\t\t\t\t<div class=\"container_informations\">\r\n\t\t\t\t\t\t<div class=\"informations\">\r\n\t\t\t\t\t\t\t\t\t\t\t\t\t\t<div class=\"container_nom_produit\">\r\n\t\t\t\t\t\t\t\t<h2>\u00c9pinards grandes feuilles BIO<\/h2>\r\n\t\t\t\t\t\t\t<\/div>\r\n\t\t\t\t\t\t\t\t\t\t\t\t\t\t\t\r\n\t\t\t\t\t\t\t<div class=\"container_description\">\r\n\t\t\t\t\t\t\t\t<p>\r\n\t\t\t\t\t\t\t\t\t<p>Des grandes feuilles vert fonc\u00e9, charnues et tendres. Elles sont source de fibres, min\u00e9raux et vitamines A, B9, C et K.<\/p><br \/>\n\t\t\t\t\t\t\t\t<\/p>\r\n\t\t\t\t\t\t\t<\/div>\r\n\t\t\t\t\t\t\t\t\t\t\t\t\t\t\t\t\t\t\t\t\t<div class=\"container_date_dispo\">\r\n\t\t\t\t\t\t\t\t<div class=\"date_dispo\">\r\n\t\t\t\t\t\t\t\t\t<div class=\"container_picto_calendrier\">\r\n\t\t\t\t\t\t\t\t\t\t<div class=\"calendrier\"><\/div>\r\n\t\t\t\t\t\t\t\t\t<\/div>\r\n\t\t\t\t\t\t\t\t\t<span>Disponible de <b>Mai<\/b> \u00e0 <b>Octobre<\/b><\/span>\r\n\t\t\t\t\t\t\t\t<\/div>\r\n\t\t\t\t\t\t\t<\/div>\r\n\t\t\t\t\t\t\t\r\n\t\t\t\t\t\t\t<div class=\"container_btn_info_plus\">\r\n\t\t\t\t\t\t\t\t<div class=\"btn_info_plus\">\r\n\t\t\t\t\t\t\t\t\t<span><\/span>\r\n\t\t\t\t\t\t\t\t\t<span><\/span>\r\n\t\t\t\t\t\t\t\t<\/div>\r\n\t\t\t\t\t\t\t<\/div>\r\n\t\t\t\t\t\t<\/div>\r\n\t\t\t\t\t<\/div>\r\n\t\t\t\t<\/div>\r\n\t\t\t\t\t\t\t<div class=\"container_produit\">\r\n\t\t\t\t\t<div class=\"container_photo_picto\">\r\n\t\t\t\t\t\t\t\t\t\t\t\t<div class=\"container_photo fill_4\">\r\n\t\t\t\t\t\t\t<div class=\"photo\" style=\"background-image: url(https:\/\/www.vieveg.com\/fr\/wp-content\/uploads\/2021\/11\/lot_radis_producteur_maraichers_bio_hauts_de_france.webp)\"><\/div>\r\n\t\t\t\t\t\t<\/div>\r\n\t\t\t\t\t\t\t\t\t\t\t\t<div class=\"container_picto\">\r\n\t\t\t\t\t\t\t<div class=\"picto_back\" style=\"background-image: url(https:\/\/www.vieveg.com\/fr\/wp-content\/uploads\/2020\/11\/radis_bio.svg)\"><\/div>\r\n\t\t\t\t\t\t\t<div class=\"picto\" style=\"background-image: url(https:\/\/www.vieveg.com\/fr\/wp-content\/uploads\/2020\/11\/radis_bio.svg)\"><\/div>\r\n\t\t\t\t\t\t<\/div>\r\n\t\t\t\t\t<\/div>\r\n\t\t\t\t\t<div class=\"container_informations\">\r\n\t\t\t\t\t\t<div class=\"informations\">\r\n\t\t\t\t\t\t\t\t\t\t\t\t\t\t<div class=\"container_nom_produit\">\r\n\t\t\t\t\t\t\t\t<h2>Radis BIO<\/h2>\r\n\t\t\t\t\t\t\t<\/div>\r\n\t\t\t\t\t\t\t\t\t\t\t\t\t\t\t\r\n\t\t\t\t\t\t\t<div class=\"container_description\">\r\n\t\t\t\t\t\t\t\t<p>\r\n\t\t\t\t\t\t\t\t\t<p>Radis ronds, rouges, \u00e9queut\u00e9s, croquants \u00e0 la saveur douce, sucr\u00e9e et agr\u00e9ablement piquante. Ils sont source de fibres, potassium et vitamines B9 et C.<\/p><br \/>\n\t\t\t\t\t\t\t\t<\/p>\r\n\t\t\t\t\t\t\t<\/div>\r\n\t\t\t\t\t\t\t\t\t\t\t\t\t\t\t\t\t\t\t\t\t<div class=\"container_date_dispo\">\r\n\t\t\t\t\t\t\t\t<div class=\"date_dispo\">\r\n\t\t\t\t\t\t\t\t\t<div class=\"container_picto_calendrier\">\r\n\t\t\t\t\t\t\t\t\t\t<div class=\"calendrier\"><\/div>\r\n\t\t\t\t\t\t\t\t\t<\/div>\r\n\t\t\t\t\t\t\t\t\t<span>Disponible de <b>Mars<\/b> \u00e0 <b>Octobre<\/b><\/span>\r\n\t\t\t\t\t\t\t\t<\/div>\r\n\t\t\t\t\t\t\t<\/div>\r\n\t\t\t\t\t\t\t\r\n\t\t\t\t\t\t\t<div class=\"container_btn_info_plus\">\r\n\t\t\t\t\t\t\t\t<div class=\"btn_info_plus\">\r\n\t\t\t\t\t\t\t\t\t<span><\/span>\r\n\t\t\t\t\t\t\t\t\t<span><\/span>\r\n\t\t\t\t\t\t\t\t<\/div>\r\n\t\t\t\t\t\t\t<\/div>\r\n\t\t\t\t\t\t<\/div>\r\n\t\t\t\t\t<\/div>\r\n\t\t\t\t<\/div>\r\n\t\t\t\t\t\t\t<div class=\"container_produit\">\r\n\t\t\t\t\t<div class=\"container_photo_picto\">\r\n\t\t\t\t\t\t\t\t\t\t\t\t<div class=\"container_photo fill_3\">\r\n\t\t\t\t\t\t\t<div class=\"photo\" style=\"background-image: url(https:\/\/www.vieveg.com\/fr\/wp-content\/uploads\/2021\/11\/haricot_vert_bio_hauts_de_france.webp)\"><\/div>\r\n\t\t\t\t\t\t<\/div>\r\n\t\t\t\t\t\t\t\t\t\t\t\t<div class=\"container_picto\">\r\n\t\t\t\t\t\t\t<div class=\"picto_back\" style=\"background-image: url(https:\/\/www.vieveg.com\/fr\/wp-content\/uploads\/2020\/11\/haricots_bio.svg)\"><\/div>\r\n\t\t\t\t\t\t\t<div class=\"picto\" style=\"background-image: url(https:\/\/www.vieveg.com\/fr\/wp-content\/uploads\/2020\/11\/haricots_bio.svg)\"><\/div>\r\n\t\t\t\t\t\t<\/div>\r\n\t\t\t\t\t<\/div>\r\n\t\t\t\t\t<div class=\"container_informations\">\r\n\t\t\t\t\t\t<div class=\"informations\">\r\n\t\t\t\t\t\t\t\t\t\t\t\t\t\t<div class=\"container_nom_produit\">\r\n\t\t\t\t\t\t\t\t<h2>Haricots verts extra-fins BIO<\/h2>\r\n\t\t\t\t\t\t\t<\/div>\r\n\t\t\t\t\t\t\t\t\t\t\t\t\t\t\t\r\n\t\t\t\t\t\t\t<div class=\"container_description\">\r\n\t\t\t\t\t\t\t\t<p>\r\n\t\t\t\t\t\t\t\t\t<p>Des haricots verts longs, extra-fins, tendres \u00e0 d\u00e9guster croquants ou fondants. Ils sont peu caloriques et source de fibres, mangan\u00e8se, potassium et vitamine B9.<\/p><br \/>\n\t\t\t\t\t\t\t\t<\/p>\r\n\t\t\t\t\t\t\t<\/div>\r\n\t\t\t\t\t\t\t\t\t\t\t\t\t\t\t\t\t\t\t\t\t<div class=\"container_date_dispo\">\r\n\t\t\t\t\t\t\t\t<div class=\"date_dispo\">\r\n\t\t\t\t\t\t\t\t\t<div class=\"container_picto_calendrier\">\r\n\t\t\t\t\t\t\t\t\t\t<div class=\"calendrier\"><\/div>\r\n\t\t\t\t\t\t\t\t\t<\/div>\r\n\t\t\t\t\t\t\t\t\t<span>Disponible de <b>Juin<\/b> \u00e0 <b>Octobre<\/b><\/span>\r\n\t\t\t\t\t\t\t\t<\/div>\r\n\t\t\t\t\t\t\t<\/div>\r\n\t\t\t\t\t\t\t\r\n\t\t\t\t\t\t\t<div class=\"container_btn_info_plus\">\r\n\t\t\t\t\t\t\t\t<div class=\"btn_info_plus\">\r\n\t\t\t\t\t\t\t\t\t<span><\/span>\r\n\t\t\t\t\t\t\t\t\t<span><\/span>\r\n\t\t\t\t\t\t\t\t<\/div>\r\n\t\t\t\t\t\t\t<\/div>\r\n\t\t\t\t\t\t<\/div>\r\n\t\t\t\t\t<\/div>\r\n\t\t\t\t<\/div>\r\n\t\t\t\t\t\t\t<div class=\"container_produit\">\r\n\t\t\t\t\t<div class=\"container_photo_picto\">\r\n\t\t\t\t\t\t\t\t\t\t\t\t<div class=\"container_photo fill_0\">\r\n\t\t\t\t\t\t\t<div class=\"photo\" style=\"background-image: url(https:\/\/www.vieveg.com\/fr\/wp-content\/uploads\/2021\/09\/pomme_de_terre_grenaille_bio_hauts_de_france-1-1.jpg)\"><\/div>\r\n\t\t\t\t\t\t<\/div>\r\n\t\t\t\t\t\t\t\t\t\t\t\t<div class=\"container_picto\">\r\n\t\t\t\t\t\t\t<div class=\"picto_back\" style=\"background-image: url(https:\/\/www.vieveg.com\/fr\/wp-content\/uploads\/2021\/09\/pomme_de_terre_grenaille_bio.svg)\"><\/div>\r\n\t\t\t\t\t\t\t<div class=\"picto\" style=\"background-image: url(https:\/\/www.vieveg.com\/fr\/wp-content\/uploads\/2021\/09\/pomme_de_terre_grenaille_bio.svg)\"><\/div>\r\n\t\t\t\t\t\t<\/div>\r\n\t\t\t\t\t<\/div>\r\n\t\t\t\t\t<div class=\"container_informations\">\r\n\t\t\t\t\t\t<div class=\"informations\">\r\n\t\t\t\t\t\t\t\t\t\t\t\t\t\t<div class=\"container_nom_produit\">\r\n\t\t\t\t\t\t\t\t<h2>Pommes de terre grenaille BIO<\/h2>\r\n\t\t\t\t\t\t\t<\/div>\r\n\t\t\t\t\t\t\t\t\t\t\t\t\t\t\t\r\n\t\t\t\t\t\t\t<div class=\"container_description\">\r\n\t\t\t\t\t\t\t\t<p>\r\n\t\t\t\t\t\t\t\t\t<p>Cette petite pomme de terre cultiv\u00e9e dans notre r\u00e9gion Hauts-de-France est source de fibres, potassium et vitamines B6 et B9.<\/p><br \/>\n\t\t\t\t\t\t\t\t<\/p>\r\n\t\t\t\t\t\t\t<\/div>\r\n\t\t\t\t\t\t\t\t\t\t\t\t\t\t\t\t\t\t\t\t\t<div class=\"container_date_dispo\">\r\n\t\t\t\t\t\t\t\t<div class=\"date_dispo\">\r\n\t\t\t\t\t\t\t\t\t<div class=\"container_picto_calendrier\">\r\n\t\t\t\t\t\t\t\t\t\t<div class=\"calendrier\"><\/div>\r\n\t\t\t\t\t\t\t\t\t<\/div>\r\n\t\t\t\t\t\t\t\t\t<span>Disponible de <b>Septembre<\/b> \u00e0 <b>Avril<\/b><\/span>\r\n\t\t\t\t\t\t\t\t<\/div>\r\n\t\t\t\t\t\t\t<\/div>\r\n\t\t\t\t\t\t\t\r\n\t\t\t\t\t\t\t<div class=\"container_btn_info_plus\">\r\n\t\t\t\t\t\t\t\t<div class=\"btn_info_plus\">\r\n\t\t\t\t\t\t\t\t\t<span><\/span>\r\n\t\t\t\t\t\t\t\t\t<span><\/span>\r\n\t\t\t\t\t\t\t\t<\/div>\r\n\t\t\t\t\t\t\t<\/div>\r\n\t\t\t\t\t\t<\/div>\r\n\t\t\t\t\t<\/div>\r\n\t\t\t\t<\/div>\r\n\t\t\t\t\t\t\t<div class=\"container_produit\">\r\n\t\t\t\t\t<div class=\"container_photo_picto\">\r\n\t\t\t\t\t\t\t\t\t\t\t\t<div class=\"container_photo fill_2\">\r\n\t\t\t\t\t\t\t<div class=\"photo\" style=\"background-image: url(https:\/\/www.vieveg.com\/fr\/wp-content\/uploads\/2021\/11\/qualite_producteur_maraichers_bio.webp)\"><\/div>\r\n\t\t\t\t\t\t<\/div>\r\n\t\t\t\t\t\t\t\t\t\t\t\t<div class=\"container_picto\">\r\n\t\t\t\t\t\t\t<div class=\"picto_back\" style=\"background-image: url(https:\/\/www.vieveg.com\/fr\/wp-content\/uploads\/2021\/09\/pomme_de_terre_bio.svg)\"><\/div>\r\n\t\t\t\t\t\t\t<div class=\"picto\" style=\"background-image: url(https:\/\/www.vieveg.com\/fr\/wp-content\/uploads\/2021\/09\/pomme_de_terre_bio.svg)\"><\/div>\r\n\t\t\t\t\t\t<\/div>\r\n\t\t\t\t\t<\/div>\r\n\t\t\t\t\t<div class=\"container_informations\">\r\n\t\t\t\t\t\t<div class=\"informations\">\r\n\t\t\t\t\t\t\t\t\t\t\t\t\t\t<div class=\"container_nom_produit\">\r\n\t\t\t\t\t\t\t\t<h2>Pommes de terre lav\u00e9es et bross\u00e9es BIO<\/h2>\r\n\t\t\t\t\t\t\t<\/div>\r\n\t\t\t\t\t\t\t\t\t\t\t\t\t\t\t\r\n\t\t\t\t\t\t\t<div class=\"container_description\">\r\n\t\t\t\t\t\t\t\t<p>\r\n\t\t\t\t\t\t\t\t\t<p>Chair fine et fondante pour une bonne tenue \u00e0 la cuisson. Elle est source de fibres, potassium et vitamines B6 et B9.<\/p><br \/>\n\t\t\t\t\t\t\t\t<\/p>\r\n\t\t\t\t\t\t\t<\/div>\r\n\t\t\t\t\t\t\t\t\t\t\t\t\t\t\t\t\t\t\t\t\t<div class=\"container_date_dispo\">\r\n\t\t\t\t\t\t\t\t<div class=\"date_dispo\">\r\n\t\t\t\t\t\t\t\t\t<div class=\"container_picto_calendrier\">\r\n\t\t\t\t\t\t\t\t\t\t<div class=\"calendrier\"><\/div>\r\n\t\t\t\t\t\t\t\t\t<\/div>\r\n\t\t\t\t\t\t\t\t\t<span>Disponible de <b>Septembre<\/b> \u00e0 <b>Avril<\/b><\/span>\r\n\t\t\t\t\t\t\t\t<\/div>\r\n\t\t\t\t\t\t\t<\/div>\r\n\t\t\t\t\t\t\t\r\n\t\t\t\t\t\t\t<div class=\"container_btn_info_plus\">\r\n\t\t\t\t\t\t\t\t<div class=\"btn_info_plus\">\r\n\t\t\t\t\t\t\t\t\t<span><\/span>\r\n\t\t\t\t\t\t\t\t\t<span><\/span>\r\n\t\t\t\t\t\t\t\t<\/div>\r\n\t\t\t\t\t\t\t<\/div>\r\n\t\t\t\t\t\t<\/div>\r\n\t\t\t\t\t<\/div>\r\n\t\t\t\t<\/div>\r\n\t\t\t\t\t<\/div>\r\n\t<\/div>\r\n<\/section><\/div><\/div><\/div><\/div><div id=\"pg-202-1\"  class=\"panel-grid panel-no-style\" ><div id=\"pgc-202-1-0\"  class=\"panel-grid-cell\" ><div id=\"panel-202-1-0-0\" class=\"so-panel widget widget_smartheme_titre_widget panel-first-child\" data-index=\"2\" ><div\n\t\t\t\n\t\t\tclass=\"so-widget-smartheme_titre_widget so-widget-smartheme_titre_widget-default-d75171398898-202\"\n\t\t\t\n\t\t><div class=\"containerTitre_soustitre center\"><div class=\"containerTitre center\"><h2>Nos <strong>techniques<\/strong> culturales<\/h2>\n<\/div><\/div><\/div><\/div><div id=\"panel-202-1-0-1\" class=\"so-panel widget widget_image-text\" data-index=\"3\" ><div\n\t\t\t\n\t\t\tclass=\"so-widget-image-text so-widget-image-text-default-40cd750bba98-202\"\n\t\t\t\n\t\t>\r\n\t\t\t\t\t\t<div class=\"container_image_texte droite haut ajuster encastre encastre_cote\">\r\n\t\t\t\t\t\t<div class=\"image_texte \" style=\"width: 50%\">\r\n\t\t\t\t\t\t\t\t<div data-image=\"https:\/\/www.vieveg.com\/fr\/wp-content\/uploads\/2021\/07\/soleil_producteur_maraichers_bio.jpg\" class=\"img lazy-background\"><\/div>\r\n\t\t\t<\/div>\r\n\r\n\t<div class=\"container_texte\" style=\"width: 50%\">\r\n\t\t\t\t\t\t\t<div class=\"texte \">\r\n\t\t\t\t<p>Un mod\u00e8le de production en <strong>planches permanentes<\/strong> et en <strong>agro\u00e9cologie<\/strong> avec des couverts intercalaires pour une fertilit\u00e9 naturelle et pr\u00e9server la vie des sols.<\/p>\n<p>Une technique inspir\u00e9e de la<strong> biodynamie<\/strong> pour l\u2019\u00e9quilibre des plantes.<\/p>\n<p>Nos choix techniques s\u2019appuient sur des mesures factuelles pour \u00eatre au plus pr\u00e8s des besoins de la plante. Nous ne st\u00e9rilisons pas les sols \u00e0 la vapeur et nous favorisons la diversit\u00e9 de la vie du sol pour que la plante trouve des solutions \u00e0 ses attaques parasitaires dans un milieu \u00e9quilibr\u00e9. Pour l\u2019arrosage, nous utilisons des sondes tensiom\u00e9triques pour d\u00e9clencher les irrigations au plus pr\u00e8s des besoins de la plante.<\/p>\n\t\t\t<\/div>\r\n\t\t\t<\/div>\r\n\r\n\t<\/div>\r\n\r\n<\/div><\/div><div id=\"panel-202-1-0-2\" class=\"so-panel widget widget_image-text panel-last-child\" data-index=\"4\" ><div\n\t\t\t\n\t\t\tclass=\"so-widget-image-text so-widget-image-text-default-40cd750bba98-202\"\n\t\t\t\n\t\t>\r\n\t\t\t\t\t\t<div class=\"container_image_texte gauche haut ajuster encastre encastre_cote\">\r\n\t\t\t\t\t\t<div class=\"image_texte \" style=\"width: 50%\">\r\n\t\t\t\t\t\t\t\t<div data-image=\"https:\/\/www.vieveg.com\/fr\/wp-content\/uploads\/2021\/10\/champs_legumes_bio_2-768x432.jpg\" class=\"img lazy-background\"><\/div>\r\n\t\t\t<\/div>\r\n\r\n\t<div class=\"container_texte\" style=\"width: 50%\">\r\n\t\t\t\t\t\t\t<div class=\"texte \">\r\n\t\t\t\t<p>Nous recherchons sans cesse des solutions pour plus de qualit\u00e9 avec moins d\u2019intrants, plus de go\u00fbt avec moins d\u2019engrais, moins de travail du sol pour un meilleur bilan carbone.<\/p>\n<p><strong>Vie Veg<\/strong>\u00a0a mis en place un process de production agricole en \u00ab\u00a0agro\u00e9cologie bio\u00a0\u00bb pour favoriser la r\u00e9silience des sols et am\u00e9liorer la sant\u00e9 des v\u00e9g\u00e9taux. Un l\u00e9gume produit sur un milieu sain donne d\u2019un point de vue nutritionnel un aliment de qualit\u00e9 sup\u00e9rieure par sa diversit\u00e9 d\u2019oligo-\u00e9l\u00e9ments, par ses vertus plus antioxydantes et par sa conservation.<\/p>\n\t\t\t<\/div>\r\n\t\t\t<\/div>\r\n\r\n\t<\/div>\r\n\r\n<\/div><\/div><\/div><\/div><div id=\"pg-202-2\"  class=\"panel-grid panel-no-style\" ><div id=\"pgc-202-2-0\"  class=\"panel-grid-cell\" ><div id=\"panel-202-2-0-0\" class=\"so-panel widget widget_smartheme_titre_widget panel-first-child\" data-index=\"5\" ><div\n\t\t\t\n\t\t\tclass=\"so-widget-smartheme_titre_widget so-widget-smartheme_titre_widget-default-d75171398898-202\"\n\t\t\t\n\t\t><div class=\"containerTitre_soustitre center\"><div class=\"containerTitre center\"><h2>Nos <strong>conditions<\/strong> d\u2019exp\u00e9dition<\/h2>\n<\/div><\/div><\/div><\/div><div id=\"panel-202-2-0-1\" class=\"so-panel widget widget_image-text panel-last-child\" data-index=\"6\" ><div\n\t\t\t\n\t\t\tclass=\"so-widget-image-text so-widget-image-text-default-40cd750bba98-202\"\n\t\t\t\n\t\t>\r\n\t\t\t\t\t\t<div class=\"container_image_texte droite center  encastre encastre_cote\">\r\n\t\t\t\t\t\t<div class=\"image_texte \" style=\"width: 50%\">\r\n\t\t\t\t\t\t\t\t\t\t\t<img decoding=\"async\" src=\"https:\/\/www.vieveg.com\/fr\/wp-content\/uploads\/2021\/10\/entrepot_expedition_legumes_bio-768x431.jpg\" alt=\"L\u00e9gumes bio et pommes de terre bio\">\r\n\t\t\t<\/div>\r\n\r\n\t<div class=\"container_texte\" style=\"width: 50%\">\r\n\t\t\t\t\t\t\t<div class=\"texte \">\r\n\t\t\t\t<p>Nous pr\u00e9parons et exp\u00e9dions dans des conditions de fra\u00eecheur optimale l\u2019ensemble de nos l\u00e9gumes. Nos l\u00e9gumes sont r\u00e9colt\u00e9s le matin et exp\u00e9di\u00e9s le jour-m\u00eame jusqu\u2019au lendemain.<\/p>\n<p>La ma\u00eetrise de la cha\u00eene du froid est la principale clef de la conservation de nos l\u00e9gumes, notamment gr\u00e2ce \u00e0 un refroidissement \u00e0 c\u0153ur du produit \u00e0 4 degr\u00e9s moins de deux heures apr\u00e8s la r\u00e9colte (technologie Vacuum Cooling).<\/p>\n\t\t\t<\/div>\r\n\t\t\t<\/div>\r\n\r\n\t<\/div>\r\n\r\n<\/div><\/div><\/div><\/div><\/div>","protected":false},"excerpt":{"rendered":"<p>Toute l&rsquo;ann\u00e9e, nous proposons des l\u00e9gumes de saison en produisant et mettant en march\u00e9 des produits biologiques qui correspondent \u00e0 [&hellip;]<\/p>\n","protected":false},"author":1,"featured_media":1079,"parent":0,"menu_order":0,"comment_status":"closed","ping_status":"closed","template":"","meta":{"footnotes":""},"class_list":["post-202","page","type-page","status-publish","has-post-thumbnail","hentry"],"_links":{"self":[{"href":"https:\/\/www.vieveg.com\/fr\/wp-json\/wp\/v2\/pages\/202","targetHints":{"allow":["GET"]}}],"collection":[{"href":"https:\/\/www.vieveg.com\/fr\/wp-json\/wp\/v2\/pages"}],"about":[{"href":"https:\/\/www.vieveg.com\/fr\/wp-json\/wp\/v2\/types\/page"}],"author":[{"embeddable":true,"href":"https:\/\/www.vieveg.com\/fr\/wp-json\/wp\/v2\/users\/1"}],"replies":[{"embeddable":true,"href":"https:\/\/www.vieveg.com\/fr\/wp-json\/wp\/v2\/comments?post=202"}],"version-history":[{"count":51,"href":"https:\/\/www.vieveg.com\/fr\/wp-json\/wp\/v2\/pages\/202\/revisions"}],"predecessor-version":[{"id":1298,"href":"https:\/\/www.vieveg.com\/fr\/wp-json\/wp\/v2\/pages\/202\/revisions\/1298"}],"wp:featuredmedia":[{"embeddable":true,"href":"https:\/\/www.vieveg.com\/fr\/wp-json\/wp\/v2\/media\/1079"}],"wp:attachment":[{"href":"https:\/\/www.vieveg.com\/fr\/wp-json\/wp\/v2\/media?parent=202"}],"curies":[{"name":"wp","href":"https:\/\/api.w.org\/{rel}","templated":true}]}}